{"id":33716,"date":"2023-03-05T13:49:00","date_gmt":"2023-03-05T13:49:00","guid":{"rendered":"https:\/\/gdwzn.beeweb-orange.io\/?product=10x-classic-wall-lamps-with-led-lights"},"modified":"2025-12-04T19:06:28","modified_gmt":"2025-12-04T18:06:28","slug":"10x-classic-wall-lamps-with-led-lights","status":"publish","type":"product","link":"https:\/\/fantasianorth.com\/sv\/produkt\/10x-classic-wall-lamps-with-led-lights\/","title":{"rendered":"10x Classic WALL Lamps with LED Lights"},"content":{"rendered":"<p>Fullt monterade klassiska V\u00c4GGlampor av svart h\u00e5rdplast med tr\u00e5d och motst\u00e5nd f\u00f6r Plug and Play-anv\u00e4ndning.<\/p>\n<p>Du kan ansluta dem till valfri str\u00f6mk\u00e4lla mellan 3V till 18V (3V svagt ljus, 12V starkt ljus).<\/p>\n<p>Dessa lampor kommer speciellt att se bra ut med 9-12 volts str\u00f6m.<\/p>\n<\/p>\n<p>Om du inte \u00e4r bra p\u00e5 el kan du bara anv\u00e4nda dem utan att sl\u00e5 p\u00e5 dem \ud83d\ude09<\/p>\n<\/p>\n<p>Motst\u00e5nd: 1,5k\u03a9,1\/4W<\/p>\n<p>Ledningarnas l\u00e4ngd: 15cm+15cm<\/p>\n<p>B\u00e4sta skala: 28mm Alternativa giltiga v\u00e5gar: 25-54mm<\/p>\n<p>Total h\u00f6jd: 3 cm<\/p>\n<p>Inneh\u00e5ll: 10 klassiska gatlyktor med lampor<\/p>\n","protected":false},"excerpt":{"rendered":"<p>10x Classic WALL Lamps with LED Lights<\/p>\n","protected":false},"featured_media":33717,"template":"","meta":[],"pwb-brand":[139],"product_brand":[],"product_cat":[786],"product_tag":[],"class_list":{"0":"post-33716","1":"product","2":"type-product","3":"status-publish","4":"has-post-thumbnail","6":"pwb-brand-green-stuff-world","7":"product_cat-admin","9":"first","10":"onbackorder","11":"taxable","12":"shipping-taxable","13":"purchasable","14":"product-type-simple"},"bundled_by":[],"bundle_stock_status":"onbackorder","bundle_stock_quantity":-2,"bundle_virtual":false,"bundle_layout":"","bundle_add_to_cart_form_location":"","bundle_editable_in_cart":false,"bundle_sold_individually_context":"","bundle_item_grouping":"","bundle_min_size":"","bundle_max_size":"","bundle_price":[],"bundled_items":[],"bundle_sell_ids":[],"yoast_head":"<!-- This site is optimized with the Yoast SEO plugin v27.2 - https:\/\/yoast.com\/product\/yoast-seo-wordpress\/ -->\n<title>10x Classic WALL Lamps with LED Lights - FantasiaNorth<\/title>\n<meta name=\"robots\" content=\"index, follow, max-snippet:-1, max-image-preview:large, max-video-preview:-1\" \/>\n<link rel=\"canonical\" href=\"https:\/\/fantasianorth.com\/sv\/produkt\/10x-classic-wall-lamps-with-led-lights\/\" \/>\n<meta property=\"og:locale\" content=\"sv_SE\" \/>\n<meta property=\"og:type\" content=\"article\" \/>\n<meta property=\"og:title\" content=\"10x Classic WALL Lamps with LED Lights - FantasiaNorth\" \/>\n<meta property=\"og:description\" content=\"10x Classic WALL Lamps with LED Lights\" \/>\n<meta property=\"og:url\" content=\"https:\/\/fantasianorth.com\/sv\/produkt\/10x-classic-wall-lamps-with-led-lights\/\" \/>\n<meta property=\"og:site_name\" content=\"FantasiaNorth\" \/>\n<meta property=\"article:publisher\" content=\"https:\/\/www.facebook.com\/fantasianorth\" \/>\n<meta property=\"article:modified_time\" content=\"2025-12-04T18:06:28+00:00\" \/>\n<meta property=\"og:image\" content=\"https:\/\/fantasianorth.com\/wp-content\/uploads\/2025\/02\/15001.jpg\" \/>\n\t<meta property=\"og:image:width\" content=\"800\" \/>\n\t<meta property=\"og:image:height\" content=\"800\" \/>\n\t<meta property=\"og:image:type\" content=\"image\/jpeg\" \/>\n<meta name=\"twitter:card\" content=\"summary_large_image\" \/>\n<meta name=\"twitter:label1\" content=\"Ber\u00e4knad l\u00e4stid\" \/>\n\t<meta name=\"twitter:data1\" content=\"1 minut\" \/>\n<script type=\"application\/ld+json\" class=\"yoast-schema-graph\">{\"@context\":\"https:\/\/schema.org\",\"@graph\":[{\"@type\":\"WebPage\",\"@id\":\"https:\/\/fantasianorth.com\/sv\/produkt\/10x-classic-wall-lamps-with-led-lights\/\",\"url\":\"https:\/\/fantasianorth.com\/sv\/produkt\/10x-classic-wall-lamps-with-led-lights\/\",\"name\":\"10x Classic WALL Lamps with LED Lights - FantasiaNorth\",\"isPartOf\":{\"@id\":\"https:\/\/fantasianorth.com\/sv\/#website\"},\"primaryImageOfPage\":{\"@id\":\"https:\/\/fantasianorth.com\/sv\/produkt\/10x-classic-wall-lamps-with-led-lights\/#primaryimage\"},\"image\":{\"@id\":\"https:\/\/fantasianorth.com\/sv\/produkt\/10x-classic-wall-lamps-with-led-lights\/#primaryimage\"},\"thumbnailUrl\":\"https:\/\/fantasianorth.com\/wp-content\/uploads\/2025\/02\/15001.jpg\",\"datePublished\":\"2023-03-05T13:49:00+00:00\",\"dateModified\":\"2025-12-04T18:06:28+00:00\",\"breadcrumb\":{\"@id\":\"https:\/\/fantasianorth.com\/sv\/produkt\/10x-classic-wall-lamps-with-led-lights\/#breadcrumb\"},\"inLanguage\":\"sv-SE\",\"potentialAction\":[{\"@type\":\"ReadAction\",\"target\":[\"https:\/\/fantasianorth.com\/sv\/produkt\/10x-classic-wall-lamps-with-led-lights\/\"]}]},{\"@type\":\"ImageObject\",\"inLanguage\":\"sv-SE\",\"@id\":\"https:\/\/fantasianorth.com\/sv\/produkt\/10x-classic-wall-lamps-with-led-lights\/#primaryimage\",\"url\":\"https:\/\/fantasianorth.com\/wp-content\/uploads\/2025\/02\/15001.jpg\",\"contentUrl\":\"https:\/\/fantasianorth.com\/wp-content\/uploads\/2025\/02\/15001.jpg\",\"width\":800,\"height\":800},{\"@type\":\"BreadcrumbList\",\"@id\":\"https:\/\/fantasianorth.com\/sv\/produkt\/10x-classic-wall-lamps-with-led-lights\/#breadcrumb\",\"itemListElement\":[{\"@type\":\"ListItem\",\"position\":1,\"name\":\"Hem\",\"item\":\"https:\/\/fantasianorth.com\/sv\/\"},{\"@type\":\"ListItem\",\"position\":2,\"name\":\"Shop\",\"item\":\"https:\/\/fantasianorth.com\/sv\/shop\/\"},{\"@type\":\"ListItem\",\"position\":3,\"name\":\"10x Classic WALL Lamps with LED Lights\"}]},{\"@type\":\"WebSite\",\"@id\":\"https:\/\/fantasianorth.com\/sv\/#website\",\"url\":\"https:\/\/fantasianorth.com\/sv\/\",\"name\":\"Fantasia North\",\"description\":\"\",\"publisher\":{\"@id\":\"https:\/\/fantasianorth.com\/sv\/#organization\"},\"potentialAction\":[{\"@type\":\"SearchAction\",\"target\":{\"@type\":\"EntryPoint\",\"urlTemplate\":\"https:\/\/fantasianorth.com\/sv\/?s={search_term_string}\"},\"query-input\":{\"@type\":\"PropertyValueSpecification\",\"valueRequired\":true,\"valueName\":\"search_term_string\"}}],\"inLanguage\":\"sv-SE\"},{\"@type\":\"Organization\",\"@id\":\"https:\/\/fantasianorth.com\/sv\/#organization\",\"name\":\"Fantasianorth AB\",\"url\":\"https:\/\/fantasianorth.com\/sv\/\",\"logo\":{\"@type\":\"ImageObject\",\"inLanguage\":\"sv-SE\",\"@id\":\"https:\/\/fantasianorth.com\/sv\/#\/schema\/logo\/image\/\",\"url\":\"https:\/\/fantasianorth.com\/wp-content\/uploads\/2024\/08\/logo-1648563124.png\",\"contentUrl\":\"https:\/\/fantasianorth.com\/wp-content\/uploads\/2024\/08\/logo-1648563124.png\",\"width\":200,\"height\":100,\"caption\":\"Fantasianorth AB\"},\"image\":{\"@id\":\"https:\/\/fantasianorth.com\/sv\/#\/schema\/logo\/image\/\"},\"sameAs\":[\"https:\/\/www.facebook.com\/fantasianorth\",\"https:\/\/www.instagram.com\/fantasianorthsweden\/\"]}]}<\/script>\n<!-- \/ Yoast SEO plugin. -->","yoast_head_json":{"title":"10x Classic WALL Lamps with LED Lights - FantasiaNorth","robots":{"index":"index","follow":"follow","max-snippet":"max-snippet:-1","max-image-preview":"max-image-preview:large","max-video-preview":"max-video-preview:-1"},"canonical":"https:\/\/fantasianorth.com\/sv\/produkt\/10x-classic-wall-lamps-with-led-lights\/","og_locale":"sv_SE","og_type":"article","og_title":"10x Classic WALL Lamps with LED Lights - FantasiaNorth","og_description":"10x Classic WALL Lamps with LED Lights","og_url":"https:\/\/fantasianorth.com\/sv\/produkt\/10x-classic-wall-lamps-with-led-lights\/","og_site_name":"FantasiaNorth","article_publisher":"https:\/\/www.facebook.com\/fantasianorth","article_modified_time":"2025-12-04T18:06:28+00:00","og_image":[{"width":800,"height":800,"url":"https:\/\/fantasianorth.com\/wp-content\/uploads\/2025\/02\/15001.jpg","type":"image\/jpeg"}],"twitter_card":"summary_large_image","twitter_misc":{"Ber\u00e4knad l\u00e4stid":"1 minut"},"schema":{"@context":"https:\/\/schema.org","@graph":[{"@type":"WebPage","@id":"https:\/\/fantasianorth.com\/sv\/produkt\/10x-classic-wall-lamps-with-led-lights\/","url":"https:\/\/fantasianorth.com\/sv\/produkt\/10x-classic-wall-lamps-with-led-lights\/","name":"10x Classic WALL Lamps with LED Lights - FantasiaNorth","isPartOf":{"@id":"https:\/\/fantasianorth.com\/sv\/#website"},"primaryImageOfPage":{"@id":"https:\/\/fantasianorth.com\/sv\/produkt\/10x-classic-wall-lamps-with-led-lights\/#primaryimage"},"image":{"@id":"https:\/\/fantasianorth.com\/sv\/produkt\/10x-classic-wall-lamps-with-led-lights\/#primaryimage"},"thumbnailUrl":"https:\/\/fantasianorth.com\/wp-content\/uploads\/2025\/02\/15001.jpg","datePublished":"2023-03-05T13:49:00+00:00","dateModified":"2025-12-04T18:06:28+00:00","breadcrumb":{"@id":"https:\/\/fantasianorth.com\/sv\/produkt\/10x-classic-wall-lamps-with-led-lights\/#breadcrumb"},"inLanguage":"sv-SE","potentialAction":[{"@type":"ReadAction","target":["https:\/\/fantasianorth.com\/sv\/produkt\/10x-classic-wall-lamps-with-led-lights\/"]}]},{"@type":"ImageObject","inLanguage":"sv-SE","@id":"https:\/\/fantasianorth.com\/sv\/produkt\/10x-classic-wall-lamps-with-led-lights\/#primaryimage","url":"https:\/\/fantasianorth.com\/wp-content\/uploads\/2025\/02\/15001.jpg","contentUrl":"https:\/\/fantasianorth.com\/wp-content\/uploads\/2025\/02\/15001.jpg","width":800,"height":800},{"@type":"BreadcrumbList","@id":"https:\/\/fantasianorth.com\/sv\/produkt\/10x-classic-wall-lamps-with-led-lights\/#breadcrumb","itemListElement":[{"@type":"ListItem","position":1,"name":"Hem","item":"https:\/\/fantasianorth.com\/sv\/"},{"@type":"ListItem","position":2,"name":"Shop","item":"https:\/\/fantasianorth.com\/sv\/shop\/"},{"@type":"ListItem","position":3,"name":"10x Classic WALL Lamps with LED Lights"}]},{"@type":"WebSite","@id":"https:\/\/fantasianorth.com\/sv\/#website","url":"https:\/\/fantasianorth.com\/sv\/","name":"Fantasia North","description":"","publisher":{"@id":"https:\/\/fantasianorth.com\/sv\/#organization"},"potentialAction":[{"@type":"SearchAction","target":{"@type":"EntryPoint","urlTemplate":"https:\/\/fantasianorth.com\/sv\/?s={search_term_string}"},"query-input":{"@type":"PropertyValueSpecification","valueRequired":true,"valueName":"search_term_string"}}],"inLanguage":"sv-SE"},{"@type":"Organization","@id":"https:\/\/fantasianorth.com\/sv\/#organization","name":"Fantasianorth AB","url":"https:\/\/fantasianorth.com\/sv\/","logo":{"@type":"ImageObject","inLanguage":"sv-SE","@id":"https:\/\/fantasianorth.com\/sv\/#\/schema\/logo\/image\/","url":"https:\/\/fantasianorth.com\/wp-content\/uploads\/2024\/08\/logo-1648563124.png","contentUrl":"https:\/\/fantasianorth.com\/wp-content\/uploads\/2024\/08\/logo-1648563124.png","width":200,"height":100,"caption":"Fantasianorth AB"},"image":{"@id":"https:\/\/fantasianorth.com\/sv\/#\/schema\/logo\/image\/"},"sameAs":["https:\/\/www.facebook.com\/fantasianorth","https:\/\/www.instagram.com\/fantasianorthsweden\/"]}]}},"kroconnect":{"tax_rate":25,"price_inc_vat":{"regular_price":179},"price_ex_vat":{"regular_price":143.2}},"brands":[{"id":139,"name":"Green Stuff World","slug":"green-stuff-world"}],"_links":{"self":[{"href":"https:\/\/fantasianorth.com\/sv\/wp-json\/wp\/v2\/product\/33716","targetHints":{"allow":["GET"]}}],"collection":[{"href":"https:\/\/fantasianorth.com\/sv\/wp-json\/wp\/v2\/product"}],"about":[{"href":"https:\/\/fantasianorth.com\/sv\/wp-json\/wp\/v2\/types\/product"}],"wp:featuredmedia":[{"embeddable":true,"href":"https:\/\/fantasianorth.com\/sv\/wp-json\/wp\/v2\/media\/33717"}],"wp:attachment":[{"href":"https:\/\/fantasianorth.com\/sv\/wp-json\/wp\/v2\/media?parent=33716"}],"wp:term":[{"taxonomy":"pwb-brand","embeddable":true,"href":"https:\/\/fantasianorth.com\/sv\/wp-json\/wp\/v2\/pwb-brand?post=33716"},{"taxonomy":"product_brand","embeddable":true,"href":"https:\/\/fantasianorth.com\/sv\/wp-json\/wp\/v2\/product_brand?post=33716"},{"taxonomy":"product_cat","embeddable":true,"href":"https:\/\/fantasianorth.com\/sv\/wp-json\/wp\/v2\/product_cat?post=33716"},{"taxonomy":"product_tag","embeddable":true,"href":"https:\/\/fantasianorth.com\/sv\/wp-json\/wp\/v2\/product_tag?post=33716"}],"curies":[{"name":"wp","href":"https:\/\/api.w.org\/{rel}","templated":true}]}}