{"id":33352,"date":"2023-02-26T00:47:36","date_gmt":"2023-02-26T00:47:36","guid":{"rendered":"https:\/\/gdwzn.beeweb-orange.io\/?product=hobby-arch-led-lamp-darth-black"},"modified":"2026-04-11T11:57:43","modified_gmt":"2026-04-11T10:57:43","slug":"hobby-arch-led-lamp-darth-black","status":"publish","type":"product","link":"https:\/\/fantasianorth.com\/sv\/produkt\/hobby-arch-led-lamp-darth-black\/","title":{"rendered":"Hobby Arch LED Lamp &#8211; Darth Black"},"content":{"rendered":"<p>En unik b\u00e5gformad LED-lampa med en solid brands\u00e4ker plastram \u00e4r idealisk f\u00f6r skuggfri m\u00e5lning och fotografering. Dess remsa med 78 led-lampor ger en j\u00e4mn och j\u00e4mn kall vit belysning f\u00f6r din projektarbetsb\u00e4nk.<\/p>\n<p>Den utm\u00e4rker sig f\u00f6r sin moderna vertikala kyldesign som till\u00e5ter l\u00e5nga m\u00e5lnings- och arbetssessioner, sitt antireflexsystem i sidled, en dimmerkontroll, samt m\u00f6jligheten att f\u00e4sta flera streamerkamerast\u00f6d, speciellt anpassade f\u00f6r att kunna att spela in dig sj\u00e4lv medan du arbetar.<\/p>\n<p>Lampan \u00e4r 73 cm bred och 36 cm h\u00f6g (29&#8242; x 14&#8242; tum), men har ett mycket litet fotavtryck f\u00f6r att h\u00e5lla din arbetsyta \u00f6ppen. Den finns i 2 f\u00e4rger, den kan monteras antingen p\u00e5 h\u00f6ger sida s\u00e5v\u00e4l som p\u00e5 v\u00e4nster sida otydligt.<\/p>\n<p>Med dimmer \/ ventilationsluckor \/ antireflexsystem \/ 3M LED-lim<\/p>\n<p>Setet inneh\u00e5ller 23 delar<\/p>\n<p>M\u00e5tt: 36 cm h\u00f6g x 73 cm bred x 18,5 cm djup<\/p>\n<p>ING\u00c5NG: 100-240V~50\/60Hz 1,0A Max.<\/p>\n<p>UTG\u00c5NG: 24,0V 1,0A 24,0W<\/p>\n<p>6400K COLD WHITE<\/p>\n<p>Livstid 50 000 timmar<\/p>\n","protected":false},"excerpt":{"rendered":"<p>B\u00e5geformad LED-lampa med 78 kraftfulla LED f\u00f6r j\u00e4mn, skuggfri belysning \u2013 perfekt f\u00f6r m\u00e5lning, modellbygge och fotografering. Justerbar dimmer, antireflexsystem och kompakt design som sparar plats p\u00e5 arbetsbordet.<\/p>\n","protected":false},"featured_media":33354,"template":"","meta":[],"pwb-brand":[139],"product_brand":[],"product_cat":[794,286,827,861],"product_tag":[],"class_list":{"0":"post-33352","1":"product","2":"type-product","3":"status-publish","4":"has-post-thumbnail","6":"pwb-brand-green-stuff-world","7":"product_cat-gsw","8":"product_cat-hobbygrejer","9":"product_cat-verktyg","10":"product_cat-ovrigt-sv1739225457","12":"first","13":"instock","14":"taxable","15":"shipping-taxable","16":"purchasable","17":"product-type-simple"},"bundled_by":[],"bundle_stock_status":"instock","bundle_stock_quantity":1,"bundle_virtual":false,"bundle_layout":"","bundle_add_to_cart_form_location":"","bundle_editable_in_cart":false,"bundle_sold_individually_context":"","bundle_item_grouping":"","bundle_min_size":"","bundle_max_size":"","bundle_price":[],"bundled_items":[],"bundle_sell_ids":[],"yoast_head":"<!-- This site is optimized with the Yoast SEO plugin v27.2 - https:\/\/yoast.com\/product\/yoast-seo-wordpress\/ -->\n<title>Hobby Arch LED Lamp - Darth Black - FantasiaNorth<\/title>\n<meta name=\"robots\" content=\"index, follow, max-snippet:-1, max-image-preview:large, max-video-preview:-1\" \/>\n<link rel=\"canonical\" href=\"https:\/\/fantasianorth.com\/sv\/produkt\/hobby-arch-led-lamp-darth-black\/\" \/>\n<meta property=\"og:locale\" content=\"sv_SE\" \/>\n<meta property=\"og:type\" content=\"article\" \/>\n<meta property=\"og:title\" content=\"Hobby Arch LED Lamp - Darth Black - FantasiaNorth\" \/>\n<meta property=\"og:description\" content=\"B\u00e5geformad LED-lampa med 78 kraftfulla LED f\u00f6r j\u00e4mn, skuggfri belysning \u2013 perfekt f\u00f6r m\u00e5lning, modellbygge och fotografering. Justerbar dimmer, antireflexsystem och kompakt design som sparar plats p\u00e5 arbetsbordet.\" \/>\n<meta property=\"og:url\" content=\"https:\/\/fantasianorth.com\/sv\/produkt\/hobby-arch-led-lamp-darth-black\/\" \/>\n<meta property=\"og:site_name\" content=\"FantasiaNorth\" \/>\n<meta property=\"article:publisher\" content=\"https:\/\/www.facebook.com\/fantasianorth\" \/>\n<meta property=\"article:modified_time\" content=\"2026-04-11T10:57:43+00:00\" \/>\n<meta property=\"og:image\" content=\"https:\/\/fantasianorth.com\/wp-content\/uploads\/2025\/02\/14716.jpg\" \/>\n\t<meta property=\"og:image:width\" content=\"800\" \/>\n\t<meta property=\"og:image:height\" content=\"800\" \/>\n\t<meta property=\"og:image:type\" content=\"image\/jpeg\" \/>\n<meta name=\"twitter:card\" content=\"summary_large_image\" \/>\n<meta name=\"twitter:label1\" content=\"Ber\u00e4knad l\u00e4stid\" \/>\n\t<meta name=\"twitter:data1\" content=\"1 minut\" \/>\n<script type=\"application\/ld+json\" class=\"yoast-schema-graph\">{\"@context\":\"https:\/\/schema.org\",\"@graph\":[{\"@type\":\"WebPage\",\"@id\":\"https:\/\/fantasianorth.com\/sv\/produkt\/hobby-arch-led-lamp-darth-black\/\",\"url\":\"https:\/\/fantasianorth.com\/sv\/produkt\/hobby-arch-led-lamp-darth-black\/\",\"name\":\"Hobby Arch LED Lamp - Darth Black - FantasiaNorth\",\"isPartOf\":{\"@id\":\"https:\/\/fantasianorth.com\/sv\/#website\"},\"primaryImageOfPage\":{\"@id\":\"https:\/\/fantasianorth.com\/sv\/produkt\/hobby-arch-led-lamp-darth-black\/#primaryimage\"},\"image\":{\"@id\":\"https:\/\/fantasianorth.com\/sv\/produkt\/hobby-arch-led-lamp-darth-black\/#primaryimage\"},\"thumbnailUrl\":\"https:\/\/fantasianorth.com\/wp-content\/uploads\/2025\/02\/14716.jpg\",\"datePublished\":\"2023-02-26T00:47:36+00:00\",\"dateModified\":\"2026-04-11T10:57:43+00:00\",\"breadcrumb\":{\"@id\":\"https:\/\/fantasianorth.com\/sv\/produkt\/hobby-arch-led-lamp-darth-black\/#breadcrumb\"},\"inLanguage\":\"sv-SE\",\"potentialAction\":[{\"@type\":\"ReadAction\",\"target\":[\"https:\/\/fantasianorth.com\/sv\/produkt\/hobby-arch-led-lamp-darth-black\/\"]}]},{\"@type\":\"ImageObject\",\"inLanguage\":\"sv-SE\",\"@id\":\"https:\/\/fantasianorth.com\/sv\/produkt\/hobby-arch-led-lamp-darth-black\/#primaryimage\",\"url\":\"https:\/\/fantasianorth.com\/wp-content\/uploads\/2025\/02\/14716.jpg\",\"contentUrl\":\"https:\/\/fantasianorth.com\/wp-content\/uploads\/2025\/02\/14716.jpg\",\"width\":800,\"height\":800},{\"@type\":\"BreadcrumbList\",\"@id\":\"https:\/\/fantasianorth.com\/sv\/produkt\/hobby-arch-led-lamp-darth-black\/#breadcrumb\",\"itemListElement\":[{\"@type\":\"ListItem\",\"position\":1,\"name\":\"Hem\",\"item\":\"https:\/\/fantasianorth.com\/sv\/\"},{\"@type\":\"ListItem\",\"position\":2,\"name\":\"Shop\",\"item\":\"https:\/\/fantasianorth.com\/sv\/shop\/\"},{\"@type\":\"ListItem\",\"position\":3,\"name\":\"Hobby Arch LED Lamp &#8211; Darth Black\"}]},{\"@type\":\"WebSite\",\"@id\":\"https:\/\/fantasianorth.com\/sv\/#website\",\"url\":\"https:\/\/fantasianorth.com\/sv\/\",\"name\":\"Fantasia North\",\"description\":\"\",\"publisher\":{\"@id\":\"https:\/\/fantasianorth.com\/sv\/#organization\"},\"potentialAction\":[{\"@type\":\"SearchAction\",\"target\":{\"@type\":\"EntryPoint\",\"urlTemplate\":\"https:\/\/fantasianorth.com\/sv\/?s={search_term_string}\"},\"query-input\":{\"@type\":\"PropertyValueSpecification\",\"valueRequired\":true,\"valueName\":\"search_term_string\"}}],\"inLanguage\":\"sv-SE\"},{\"@type\":\"Organization\",\"@id\":\"https:\/\/fantasianorth.com\/sv\/#organization\",\"name\":\"Fantasianorth AB\",\"url\":\"https:\/\/fantasianorth.com\/sv\/\",\"logo\":{\"@type\":\"ImageObject\",\"inLanguage\":\"sv-SE\",\"@id\":\"https:\/\/fantasianorth.com\/sv\/#\/schema\/logo\/image\/\",\"url\":\"https:\/\/fantasianorth.com\/wp-content\/uploads\/2024\/08\/logo-1648563124.png\",\"contentUrl\":\"https:\/\/fantasianorth.com\/wp-content\/uploads\/2024\/08\/logo-1648563124.png\",\"width\":200,\"height\":100,\"caption\":\"Fantasianorth AB\"},\"image\":{\"@id\":\"https:\/\/fantasianorth.com\/sv\/#\/schema\/logo\/image\/\"},\"sameAs\":[\"https:\/\/www.facebook.com\/fantasianorth\",\"https:\/\/www.instagram.com\/fantasianorthsweden\/\"]}]}<\/script>\n<!-- \/ Yoast SEO plugin. -->","yoast_head_json":{"title":"Hobby Arch LED Lamp - Darth Black - FantasiaNorth","robots":{"index":"index","follow":"follow","max-snippet":"max-snippet:-1","max-image-preview":"max-image-preview:large","max-video-preview":"max-video-preview:-1"},"canonical":"https:\/\/fantasianorth.com\/sv\/produkt\/hobby-arch-led-lamp-darth-black\/","og_locale":"sv_SE","og_type":"article","og_title":"Hobby Arch LED Lamp - Darth Black - FantasiaNorth","og_description":"B\u00e5geformad LED-lampa med 78 kraftfulla LED f\u00f6r j\u00e4mn, skuggfri belysning \u2013 perfekt f\u00f6r m\u00e5lning, modellbygge och fotografering. Justerbar dimmer, antireflexsystem och kompakt design som sparar plats p\u00e5 arbetsbordet.","og_url":"https:\/\/fantasianorth.com\/sv\/produkt\/hobby-arch-led-lamp-darth-black\/","og_site_name":"FantasiaNorth","article_publisher":"https:\/\/www.facebook.com\/fantasianorth","article_modified_time":"2026-04-11T10:57:43+00:00","og_image":[{"width":800,"height":800,"url":"https:\/\/fantasianorth.com\/wp-content\/uploads\/2025\/02\/14716.jpg","type":"image\/jpeg"}],"twitter_card":"summary_large_image","twitter_misc":{"Ber\u00e4knad l\u00e4stid":"1 minut"},"schema":{"@context":"https:\/\/schema.org","@graph":[{"@type":"WebPage","@id":"https:\/\/fantasianorth.com\/sv\/produkt\/hobby-arch-led-lamp-darth-black\/","url":"https:\/\/fantasianorth.com\/sv\/produkt\/hobby-arch-led-lamp-darth-black\/","name":"Hobby Arch LED Lamp - Darth Black - FantasiaNorth","isPartOf":{"@id":"https:\/\/fantasianorth.com\/sv\/#website"},"primaryImageOfPage":{"@id":"https:\/\/fantasianorth.com\/sv\/produkt\/hobby-arch-led-lamp-darth-black\/#primaryimage"},"image":{"@id":"https:\/\/fantasianorth.com\/sv\/produkt\/hobby-arch-led-lamp-darth-black\/#primaryimage"},"thumbnailUrl":"https:\/\/fantasianorth.com\/wp-content\/uploads\/2025\/02\/14716.jpg","datePublished":"2023-02-26T00:47:36+00:00","dateModified":"2026-04-11T10:57:43+00:00","breadcrumb":{"@id":"https:\/\/fantasianorth.com\/sv\/produkt\/hobby-arch-led-lamp-darth-black\/#breadcrumb"},"inLanguage":"sv-SE","potentialAction":[{"@type":"ReadAction","target":["https:\/\/fantasianorth.com\/sv\/produkt\/hobby-arch-led-lamp-darth-black\/"]}]},{"@type":"ImageObject","inLanguage":"sv-SE","@id":"https:\/\/fantasianorth.com\/sv\/produkt\/hobby-arch-led-lamp-darth-black\/#primaryimage","url":"https:\/\/fantasianorth.com\/wp-content\/uploads\/2025\/02\/14716.jpg","contentUrl":"https:\/\/fantasianorth.com\/wp-content\/uploads\/2025\/02\/14716.jpg","width":800,"height":800},{"@type":"BreadcrumbList","@id":"https:\/\/fantasianorth.com\/sv\/produkt\/hobby-arch-led-lamp-darth-black\/#breadcrumb","itemListElement":[{"@type":"ListItem","position":1,"name":"Hem","item":"https:\/\/fantasianorth.com\/sv\/"},{"@type":"ListItem","position":2,"name":"Shop","item":"https:\/\/fantasianorth.com\/sv\/shop\/"},{"@type":"ListItem","position":3,"name":"Hobby Arch LED Lamp &#8211; Darth Black"}]},{"@type":"WebSite","@id":"https:\/\/fantasianorth.com\/sv\/#website","url":"https:\/\/fantasianorth.com\/sv\/","name":"Fantasia North","description":"","publisher":{"@id":"https:\/\/fantasianorth.com\/sv\/#organization"},"potentialAction":[{"@type":"SearchAction","target":{"@type":"EntryPoint","urlTemplate":"https:\/\/fantasianorth.com\/sv\/?s={search_term_string}"},"query-input":{"@type":"PropertyValueSpecification","valueRequired":true,"valueName":"search_term_string"}}],"inLanguage":"sv-SE"},{"@type":"Organization","@id":"https:\/\/fantasianorth.com\/sv\/#organization","name":"Fantasianorth AB","url":"https:\/\/fantasianorth.com\/sv\/","logo":{"@type":"ImageObject","inLanguage":"sv-SE","@id":"https:\/\/fantasianorth.com\/sv\/#\/schema\/logo\/image\/","url":"https:\/\/fantasianorth.com\/wp-content\/uploads\/2024\/08\/logo-1648563124.png","contentUrl":"https:\/\/fantasianorth.com\/wp-content\/uploads\/2024\/08\/logo-1648563124.png","width":200,"height":100,"caption":"Fantasianorth AB"},"image":{"@id":"https:\/\/fantasianorth.com\/sv\/#\/schema\/logo\/image\/"},"sameAs":["https:\/\/www.facebook.com\/fantasianorth","https:\/\/www.instagram.com\/fantasianorthsweden\/"]}]}},"kroconnect":{"tax_rate":25,"price_inc_vat":{"regular_price":899},"price_ex_vat":{"regular_price":719.2}},"brands":[{"id":139,"name":"Green Stuff World","slug":"green-stuff-world"}],"_links":{"self":[{"href":"https:\/\/fantasianorth.com\/sv\/wp-json\/wp\/v2\/product\/33352","targetHints":{"allow":["GET"]}}],"collection":[{"href":"https:\/\/fantasianorth.com\/sv\/wp-json\/wp\/v2\/product"}],"about":[{"href":"https:\/\/fantasianorth.com\/sv\/wp-json\/wp\/v2\/types\/product"}],"wp:featuredmedia":[{"embeddable":true,"href":"https:\/\/fantasianorth.com\/sv\/wp-json\/wp\/v2\/media\/33354"}],"wp:attachment":[{"href":"https:\/\/fantasianorth.com\/sv\/wp-json\/wp\/v2\/media?parent=33352"}],"wp:term":[{"taxonomy":"pwb-brand","embeddable":true,"href":"https:\/\/fantasianorth.com\/sv\/wp-json\/wp\/v2\/pwb-brand?post=33352"},{"taxonomy":"product_brand","embeddable":true,"href":"https:\/\/fantasianorth.com\/sv\/wp-json\/wp\/v2\/product_brand?post=33352"},{"taxonomy":"product_cat","embeddable":true,"href":"https:\/\/fantasianorth.com\/sv\/wp-json\/wp\/v2\/product_cat?post=33352"},{"taxonomy":"product_tag","embeddable":true,"href":"https:\/\/fantasianorth.com\/sv\/wp-json\/wp\/v2\/product_tag?post=33352"}],"curies":[{"name":"wp","href":"https:\/\/api.w.org\/{rel}","templated":true}]}}