{"id":14286,"date":"2019-09-19T09:50:54","date_gmt":"2019-09-19T09:50:54","guid":{"rendered":"https:\/\/gdwzn.beeweb-orange.io\/?product=brass-rods-15mm"},"modified":"2026-04-15T10:28:15","modified_gmt":"2026-04-15T09:28:15","slug":"brass-rods-15mm","status":"publish","type":"product","link":"https:\/\/fantasianorth.com\/sv\/produkt\/brass-rods-15mm\/","title":{"rendered":"BRASS RODS 1,5MM"},"content":{"rendered":"<p>Dessa pinningst\u00e4nger kan anv\u00e4ndas f\u00f6r miniatyrn\u00e5lning och montering, och \u00e4ven f\u00f6r att skapa till exempel delar av strukturer, spjut, banderoller, miniatyrdelar, vapen &#8230; och mycket mer!<\/p>\n<p>Mycket t\u00e5lig, l\u00e4tt att b\u00f6ja och l\u00e4tt att sk\u00e4ra. Dessa kan leda elektricitet.<\/p>\n<\/p>\n<p>Tjocklek: 1,5 mm<\/p>\n<p>L\u00e4ngd p\u00e5 en profil: 25 cm (250 mm)<\/p>\n<p>Metalllegering: 60% cooper + 40% zink<\/p>\n<p>Stycken per f\u00f6rpackning: 5<\/p>\n","protected":false},"excerpt":{"rendered":"<p>BRASS RODS 1,5MM<\/p>\n","protected":false},"featured_media":14289,"template":"","meta":[],"pwb-brand":[139],"product_brand":[],"product_cat":[794,286,826,873],"product_tag":[],"class_list":{"0":"post-14286","1":"product","2":"type-product","3":"status-publish","4":"has-post-thumbnail","6":"pwb-brand-green-stuff-world","7":"product_cat-gsw","8":"product_cat-hobbygrejer","9":"product_cat-modellering","10":"product_cat-byggmaterial","12":"first","13":"instock","14":"taxable","15":"shipping-taxable","16":"purchasable","17":"product-type-simple"},"bundled_by":[],"bundle_stock_status":"instock","bundle_stock_quantity":20,"bundle_virtual":false,"bundle_layout":"","bundle_add_to_cart_form_location":"","bundle_editable_in_cart":false,"bundle_sold_individually_context":"","bundle_item_grouping":"","bundle_min_size":"","bundle_max_size":"","bundle_price":[],"bundled_items":[],"bundle_sell_ids":[],"yoast_head":"<!-- This site is optimized with the Yoast SEO plugin v27.2 - https:\/\/yoast.com\/product\/yoast-seo-wordpress\/ -->\n<title>BRASS RODS 1,5MM - FantasiaNorth<\/title>\n<meta name=\"robots\" content=\"index, follow, max-snippet:-1, max-image-preview:large, max-video-preview:-1\" \/>\n<link rel=\"canonical\" href=\"https:\/\/fantasianorth.com\/sv\/produkt\/brass-rods-15mm\/\" \/>\n<meta property=\"og:locale\" content=\"sv_SE\" \/>\n<meta property=\"og:type\" content=\"article\" \/>\n<meta property=\"og:title\" content=\"BRASS RODS 1,5MM - FantasiaNorth\" \/>\n<meta property=\"og:description\" content=\"BRASS RODS 1,5MM\" \/>\n<meta property=\"og:url\" content=\"https:\/\/fantasianorth.com\/sv\/produkt\/brass-rods-15mm\/\" \/>\n<meta property=\"og:site_name\" content=\"FantasiaNorth\" \/>\n<meta property=\"article:publisher\" content=\"https:\/\/www.facebook.com\/fantasianorth\" \/>\n<meta property=\"article:modified_time\" content=\"2026-04-15T09:28:15+00:00\" \/>\n<meta property=\"og:image\" content=\"https:\/\/fantasianorth.com\/wp-content\/uploads\/2025\/02\/7042.jpg\" \/>\n\t<meta property=\"og:image:width\" content=\"800\" \/>\n\t<meta property=\"og:image:height\" content=\"800\" \/>\n\t<meta property=\"og:image:type\" content=\"image\/jpeg\" \/>\n<meta name=\"twitter:card\" content=\"summary_large_image\" \/>\n<script type=\"application\/ld+json\" class=\"yoast-schema-graph\">{\"@context\":\"https:\/\/schema.org\",\"@graph\":[{\"@type\":\"WebPage\",\"@id\":\"https:\/\/fantasianorth.com\/sv\/produkt\/brass-rods-15mm\/\",\"url\":\"https:\/\/fantasianorth.com\/sv\/produkt\/brass-rods-15mm\/\",\"name\":\"BRASS RODS 1,5MM - FantasiaNorth\",\"isPartOf\":{\"@id\":\"https:\/\/fantasianorth.com\/sv\/#website\"},\"primaryImageOfPage\":{\"@id\":\"https:\/\/fantasianorth.com\/sv\/produkt\/brass-rods-15mm\/#primaryimage\"},\"image\":{\"@id\":\"https:\/\/fantasianorth.com\/sv\/produkt\/brass-rods-15mm\/#primaryimage\"},\"thumbnailUrl\":\"https:\/\/fantasianorth.com\/wp-content\/uploads\/2025\/02\/7042.jpg\",\"datePublished\":\"2019-09-19T09:50:54+00:00\",\"dateModified\":\"2026-04-15T09:28:15+00:00\",\"breadcrumb\":{\"@id\":\"https:\/\/fantasianorth.com\/sv\/produkt\/brass-rods-15mm\/#breadcrumb\"},\"inLanguage\":\"sv-SE\",\"potentialAction\":[{\"@type\":\"ReadAction\",\"target\":[\"https:\/\/fantasianorth.com\/sv\/produkt\/brass-rods-15mm\/\"]}]},{\"@type\":\"ImageObject\",\"inLanguage\":\"sv-SE\",\"@id\":\"https:\/\/fantasianorth.com\/sv\/produkt\/brass-rods-15mm\/#primaryimage\",\"url\":\"https:\/\/fantasianorth.com\/wp-content\/uploads\/2025\/02\/7042.jpg\",\"contentUrl\":\"https:\/\/fantasianorth.com\/wp-content\/uploads\/2025\/02\/7042.jpg\",\"width\":800,\"height\":800},{\"@type\":\"BreadcrumbList\",\"@id\":\"https:\/\/fantasianorth.com\/sv\/produkt\/brass-rods-15mm\/#breadcrumb\",\"itemListElement\":[{\"@type\":\"ListItem\",\"position\":1,\"name\":\"Hem\",\"item\":\"https:\/\/fantasianorth.com\/sv\/\"},{\"@type\":\"ListItem\",\"position\":2,\"name\":\"Shop\",\"item\":\"https:\/\/fantasianorth.com\/sv\/shop\/\"},{\"@type\":\"ListItem\",\"position\":3,\"name\":\"BRASS RODS 1,5MM\"}]},{\"@type\":\"WebSite\",\"@id\":\"https:\/\/fantasianorth.com\/sv\/#website\",\"url\":\"https:\/\/fantasianorth.com\/sv\/\",\"name\":\"Fantasia North\",\"description\":\"\",\"publisher\":{\"@id\":\"https:\/\/fantasianorth.com\/sv\/#organization\"},\"potentialAction\":[{\"@type\":\"SearchAction\",\"target\":{\"@type\":\"EntryPoint\",\"urlTemplate\":\"https:\/\/fantasianorth.com\/sv\/?s={search_term_string}\"},\"query-input\":{\"@type\":\"PropertyValueSpecification\",\"valueRequired\":true,\"valueName\":\"search_term_string\"}}],\"inLanguage\":\"sv-SE\"},{\"@type\":\"Organization\",\"@id\":\"https:\/\/fantasianorth.com\/sv\/#organization\",\"name\":\"Fantasianorth AB\",\"url\":\"https:\/\/fantasianorth.com\/sv\/\",\"logo\":{\"@type\":\"ImageObject\",\"inLanguage\":\"sv-SE\",\"@id\":\"https:\/\/fantasianorth.com\/sv\/#\/schema\/logo\/image\/\",\"url\":\"https:\/\/fantasianorth.com\/wp-content\/uploads\/2024\/08\/logo-1648563124.png\",\"contentUrl\":\"https:\/\/fantasianorth.com\/wp-content\/uploads\/2024\/08\/logo-1648563124.png\",\"width\":200,\"height\":100,\"caption\":\"Fantasianorth AB\"},\"image\":{\"@id\":\"https:\/\/fantasianorth.com\/sv\/#\/schema\/logo\/image\/\"},\"sameAs\":[\"https:\/\/www.facebook.com\/fantasianorth\",\"https:\/\/www.instagram.com\/fantasianorthsweden\/\"]}]}<\/script>\n<!-- \/ Yoast SEO plugin. -->","yoast_head_json":{"title":"BRASS RODS 1,5MM - FantasiaNorth","robots":{"index":"index","follow":"follow","max-snippet":"max-snippet:-1","max-image-preview":"max-image-preview:large","max-video-preview":"max-video-preview:-1"},"canonical":"https:\/\/fantasianorth.com\/sv\/produkt\/brass-rods-15mm\/","og_locale":"sv_SE","og_type":"article","og_title":"BRASS RODS 1,5MM - FantasiaNorth","og_description":"BRASS RODS 1,5MM","og_url":"https:\/\/fantasianorth.com\/sv\/produkt\/brass-rods-15mm\/","og_site_name":"FantasiaNorth","article_publisher":"https:\/\/www.facebook.com\/fantasianorth","article_modified_time":"2026-04-15T09:28:15+00:00","og_image":[{"width":800,"height":800,"url":"https:\/\/fantasianorth.com\/wp-content\/uploads\/2025\/02\/7042.jpg","type":"image\/jpeg"}],"twitter_card":"summary_large_image","schema":{"@context":"https:\/\/schema.org","@graph":[{"@type":"WebPage","@id":"https:\/\/fantasianorth.com\/sv\/produkt\/brass-rods-15mm\/","url":"https:\/\/fantasianorth.com\/sv\/produkt\/brass-rods-15mm\/","name":"BRASS RODS 1,5MM - FantasiaNorth","isPartOf":{"@id":"https:\/\/fantasianorth.com\/sv\/#website"},"primaryImageOfPage":{"@id":"https:\/\/fantasianorth.com\/sv\/produkt\/brass-rods-15mm\/#primaryimage"},"image":{"@id":"https:\/\/fantasianorth.com\/sv\/produkt\/brass-rods-15mm\/#primaryimage"},"thumbnailUrl":"https:\/\/fantasianorth.com\/wp-content\/uploads\/2025\/02\/7042.jpg","datePublished":"2019-09-19T09:50:54+00:00","dateModified":"2026-04-15T09:28:15+00:00","breadcrumb":{"@id":"https:\/\/fantasianorth.com\/sv\/produkt\/brass-rods-15mm\/#breadcrumb"},"inLanguage":"sv-SE","potentialAction":[{"@type":"ReadAction","target":["https:\/\/fantasianorth.com\/sv\/produkt\/brass-rods-15mm\/"]}]},{"@type":"ImageObject","inLanguage":"sv-SE","@id":"https:\/\/fantasianorth.com\/sv\/produkt\/brass-rods-15mm\/#primaryimage","url":"https:\/\/fantasianorth.com\/wp-content\/uploads\/2025\/02\/7042.jpg","contentUrl":"https:\/\/fantasianorth.com\/wp-content\/uploads\/2025\/02\/7042.jpg","width":800,"height":800},{"@type":"BreadcrumbList","@id":"https:\/\/fantasianorth.com\/sv\/produkt\/brass-rods-15mm\/#breadcrumb","itemListElement":[{"@type":"ListItem","position":1,"name":"Hem","item":"https:\/\/fantasianorth.com\/sv\/"},{"@type":"ListItem","position":2,"name":"Shop","item":"https:\/\/fantasianorth.com\/sv\/shop\/"},{"@type":"ListItem","position":3,"name":"BRASS RODS 1,5MM"}]},{"@type":"WebSite","@id":"https:\/\/fantasianorth.com\/sv\/#website","url":"https:\/\/fantasianorth.com\/sv\/","name":"Fantasia North","description":"","publisher":{"@id":"https:\/\/fantasianorth.com\/sv\/#organization"},"potentialAction":[{"@type":"SearchAction","target":{"@type":"EntryPoint","urlTemplate":"https:\/\/fantasianorth.com\/sv\/?s={search_term_string}"},"query-input":{"@type":"PropertyValueSpecification","valueRequired":true,"valueName":"search_term_string"}}],"inLanguage":"sv-SE"},{"@type":"Organization","@id":"https:\/\/fantasianorth.com\/sv\/#organization","name":"Fantasianorth AB","url":"https:\/\/fantasianorth.com\/sv\/","logo":{"@type":"ImageObject","inLanguage":"sv-SE","@id":"https:\/\/fantasianorth.com\/sv\/#\/schema\/logo\/image\/","url":"https:\/\/fantasianorth.com\/wp-content\/uploads\/2024\/08\/logo-1648563124.png","contentUrl":"https:\/\/fantasianorth.com\/wp-content\/uploads\/2024\/08\/logo-1648563124.png","width":200,"height":100,"caption":"Fantasianorth AB"},"image":{"@id":"https:\/\/fantasianorth.com\/sv\/#\/schema\/logo\/image\/"},"sameAs":["https:\/\/www.facebook.com\/fantasianorth","https:\/\/www.instagram.com\/fantasianorthsweden\/"]}]}},"kroconnect":{"tax_rate":25,"price_inc_vat":{"regular_price":50},"price_ex_vat":{"regular_price":40}},"brands":[{"id":139,"name":"Green Stuff World","slug":"green-stuff-world"}],"_links":{"self":[{"href":"https:\/\/fantasianorth.com\/sv\/wp-json\/wp\/v2\/product\/14286","targetHints":{"allow":["GET"]}}],"collection":[{"href":"https:\/\/fantasianorth.com\/sv\/wp-json\/wp\/v2\/product"}],"about":[{"href":"https:\/\/fantasianorth.com\/sv\/wp-json\/wp\/v2\/types\/product"}],"wp:featuredmedia":[{"embeddable":true,"href":"https:\/\/fantasianorth.com\/sv\/wp-json\/wp\/v2\/media\/14289"}],"wp:attachment":[{"href":"https:\/\/fantasianorth.com\/sv\/wp-json\/wp\/v2\/media?parent=14286"}],"wp:term":[{"taxonomy":"pwb-brand","embeddable":true,"href":"https:\/\/fantasianorth.com\/sv\/wp-json\/wp\/v2\/pwb-brand?post=14286"},{"taxonomy":"product_brand","embeddable":true,"href":"https:\/\/fantasianorth.com\/sv\/wp-json\/wp\/v2\/product_brand?post=14286"},{"taxonomy":"product_cat","embeddable":true,"href":"https:\/\/fantasianorth.com\/sv\/wp-json\/wp\/v2\/product_cat?post=14286"},{"taxonomy":"product_tag","embeddable":true,"href":"https:\/\/fantasianorth.com\/sv\/wp-json\/wp\/v2\/product_tag?post=14286"}],"curies":[{"name":"wp","href":"https:\/\/api.w.org\/{rel}","templated":true}]}}