{"id":12472,"date":"2019-05-07T12:14:16","date_gmt":"2019-05-07T12:14:16","guid":{"rendered":"https:\/\/gdwzn.beeweb-orange.io\/?product=brass-rods-05mm"},"modified":"2026-03-23T20:16:48","modified_gmt":"2026-03-23T19:16:48","slug":"brass-rods-05mm","status":"publish","type":"product","link":"https:\/\/fantasianorth.com\/sv\/produkt\/brass-rods-05mm\/","title":{"rendered":"BRASS RODS 0,5MM"},"content":{"rendered":"<p><strong>Pinning Rods<\/strong> \u00e4r m\u00e5ngsidiga verktyg som kan anv\u00e4ndas f\u00f6r att <strong>montera och f\u00e4sta miniatyrer<\/strong>, samt f\u00f6r att skapa delar till strukturer, spjut, fanor, miniatyrdelar, vapen och mycket mer!<\/p>\n<h3><strong>Egenskaper:<\/strong><\/h3>\n<ul>\n<li><strong>H\u00f6g h\u00e5llfasthet:<\/strong> Mycket t\u00e5liga och p\u00e5litliga.<\/li>\n<li><strong>Flexibla:<\/strong> L\u00e4tta att b\u00f6ja efter behov.<\/li>\n<li><strong>L\u00e4tt att arbeta med:<\/strong> Enkel att klippa till \u00f6nskad storlek.<\/li>\n<li><strong>Ledande:<\/strong> Kan leda elektricitet, vilket g\u00f6r dem anv\u00e4ndbara i projekt som kr\u00e4ver elektriska anslutningar.<\/li>\n<\/ul>\n<p>Perfekt f\u00f6r hobbyister som vill f\u00f6rst\u00e4rka sina konstruktioner eller skapa unika detaljer f\u00f6r sina modeller och dioraman!<\/p>\n","protected":false},"excerpt":{"rendered":"<p>BRASS RODS 0,5MM<\/p>\n","protected":false},"featured_media":12475,"template":"","meta":[],"pwb-brand":[139],"product_brand":[],"product_cat":[794,286,826,873],"product_tag":[],"class_list":{"0":"post-12472","1":"product","2":"type-product","3":"status-publish","4":"has-post-thumbnail","6":"pwb-brand-green-stuff-world","7":"product_cat-gsw","8":"product_cat-hobbygrejer","9":"product_cat-modellering","10":"product_cat-byggmaterial","12":"first","13":"instock","14":"taxable","15":"shipping-taxable","16":"purchasable","17":"product-type-simple"},"bundled_by":[],"bundle_stock_status":"instock","bundle_stock_quantity":6,"bundle_virtual":false,"bundle_layout":"","bundle_add_to_cart_form_location":"","bundle_editable_in_cart":false,"bundle_sold_individually_context":"","bundle_item_grouping":"","bundle_min_size":"","bundle_max_size":"","bundle_price":[],"bundled_items":[],"bundle_sell_ids":[],"yoast_head":"<!-- This site is optimized with the Yoast SEO plugin v27.2 - https:\/\/yoast.com\/product\/yoast-seo-wordpress\/ -->\n<title>BRASS RODS 0,5MM - FantasiaNorth<\/title>\n<meta name=\"robots\" content=\"index, follow, max-snippet:-1, max-image-preview:large, max-video-preview:-1\" \/>\n<link rel=\"canonical\" href=\"https:\/\/fantasianorth.com\/sv\/produkt\/brass-rods-05mm\/\" \/>\n<meta property=\"og:locale\" content=\"sv_SE\" \/>\n<meta property=\"og:type\" content=\"article\" \/>\n<meta property=\"og:title\" content=\"BRASS RODS 0,5MM - FantasiaNorth\" \/>\n<meta property=\"og:description\" content=\"BRASS RODS 0,5MM\" \/>\n<meta property=\"og:url\" content=\"https:\/\/fantasianorth.com\/sv\/produkt\/brass-rods-05mm\/\" \/>\n<meta property=\"og:site_name\" content=\"FantasiaNorth\" \/>\n<meta property=\"article:publisher\" content=\"https:\/\/www.facebook.com\/fantasianorth\" \/>\n<meta property=\"article:modified_time\" content=\"2026-03-23T19:16:48+00:00\" \/>\n<meta property=\"og:image\" content=\"https:\/\/fantasianorth.com\/wp-content\/uploads\/2025\/02\/12177.jpg\" \/>\n\t<meta property=\"og:image:width\" content=\"250\" \/>\n\t<meta property=\"og:image:height\" content=\"250\" \/>\n\t<meta property=\"og:image:type\" content=\"image\/jpeg\" \/>\n<meta name=\"twitter:card\" content=\"summary_large_image\" \/>\n<meta name=\"twitter:label1\" content=\"Ber\u00e4knad l\u00e4stid\" \/>\n\t<meta name=\"twitter:data1\" content=\"1 minut\" \/>\n<script type=\"application\/ld+json\" class=\"yoast-schema-graph\">{\"@context\":\"https:\/\/schema.org\",\"@graph\":[{\"@type\":\"WebPage\",\"@id\":\"https:\/\/fantasianorth.com\/sv\/produkt\/brass-rods-05mm\/\",\"url\":\"https:\/\/fantasianorth.com\/sv\/produkt\/brass-rods-05mm\/\",\"name\":\"BRASS RODS 0,5MM - FantasiaNorth\",\"isPartOf\":{\"@id\":\"https:\/\/fantasianorth.com\/sv\/#website\"},\"primaryImageOfPage\":{\"@id\":\"https:\/\/fantasianorth.com\/sv\/produkt\/brass-rods-05mm\/#primaryimage\"},\"image\":{\"@id\":\"https:\/\/fantasianorth.com\/sv\/produkt\/brass-rods-05mm\/#primaryimage\"},\"thumbnailUrl\":\"https:\/\/fantasianorth.com\/wp-content\/uploads\/2025\/02\/12177.jpg\",\"datePublished\":\"2019-05-07T12:14:16+00:00\",\"dateModified\":\"2026-03-23T19:16:48+00:00\",\"breadcrumb\":{\"@id\":\"https:\/\/fantasianorth.com\/sv\/produkt\/brass-rods-05mm\/#breadcrumb\"},\"inLanguage\":\"sv-SE\",\"potentialAction\":[{\"@type\":\"ReadAction\",\"target\":[\"https:\/\/fantasianorth.com\/sv\/produkt\/brass-rods-05mm\/\"]}]},{\"@type\":\"ImageObject\",\"inLanguage\":\"sv-SE\",\"@id\":\"https:\/\/fantasianorth.com\/sv\/produkt\/brass-rods-05mm\/#primaryimage\",\"url\":\"https:\/\/fantasianorth.com\/wp-content\/uploads\/2025\/02\/12177.jpg\",\"contentUrl\":\"https:\/\/fantasianorth.com\/wp-content\/uploads\/2025\/02\/12177.jpg\",\"width\":250,\"height\":250},{\"@type\":\"BreadcrumbList\",\"@id\":\"https:\/\/fantasianorth.com\/sv\/produkt\/brass-rods-05mm\/#breadcrumb\",\"itemListElement\":[{\"@type\":\"ListItem\",\"position\":1,\"name\":\"Hem\",\"item\":\"https:\/\/fantasianorth.com\/sv\/\"},{\"@type\":\"ListItem\",\"position\":2,\"name\":\"Shop\",\"item\":\"https:\/\/fantasianorth.com\/sv\/shop\/\"},{\"@type\":\"ListItem\",\"position\":3,\"name\":\"BRASS RODS 0,5MM\"}]},{\"@type\":\"WebSite\",\"@id\":\"https:\/\/fantasianorth.com\/sv\/#website\",\"url\":\"https:\/\/fantasianorth.com\/sv\/\",\"name\":\"Fantasia North\",\"description\":\"\",\"publisher\":{\"@id\":\"https:\/\/fantasianorth.com\/sv\/#organization\"},\"potentialAction\":[{\"@type\":\"SearchAction\",\"target\":{\"@type\":\"EntryPoint\",\"urlTemplate\":\"https:\/\/fantasianorth.com\/sv\/?s={search_term_string}\"},\"query-input\":{\"@type\":\"PropertyValueSpecification\",\"valueRequired\":true,\"valueName\":\"search_term_string\"}}],\"inLanguage\":\"sv-SE\"},{\"@type\":\"Organization\",\"@id\":\"https:\/\/fantasianorth.com\/sv\/#organization\",\"name\":\"Fantasianorth AB\",\"url\":\"https:\/\/fantasianorth.com\/sv\/\",\"logo\":{\"@type\":\"ImageObject\",\"inLanguage\":\"sv-SE\",\"@id\":\"https:\/\/fantasianorth.com\/sv\/#\/schema\/logo\/image\/\",\"url\":\"https:\/\/fantasianorth.com\/wp-content\/uploads\/2024\/08\/logo-1648563124.png\",\"contentUrl\":\"https:\/\/fantasianorth.com\/wp-content\/uploads\/2024\/08\/logo-1648563124.png\",\"width\":200,\"height\":100,\"caption\":\"Fantasianorth AB\"},\"image\":{\"@id\":\"https:\/\/fantasianorth.com\/sv\/#\/schema\/logo\/image\/\"},\"sameAs\":[\"https:\/\/www.facebook.com\/fantasianorth\",\"https:\/\/www.instagram.com\/fantasianorthsweden\/\"]}]}<\/script>\n<!-- \/ Yoast SEO plugin. -->","yoast_head_json":{"title":"BRASS RODS 0,5MM - FantasiaNorth","robots":{"index":"index","follow":"follow","max-snippet":"max-snippet:-1","max-image-preview":"max-image-preview:large","max-video-preview":"max-video-preview:-1"},"canonical":"https:\/\/fantasianorth.com\/sv\/produkt\/brass-rods-05mm\/","og_locale":"sv_SE","og_type":"article","og_title":"BRASS RODS 0,5MM - FantasiaNorth","og_description":"BRASS RODS 0,5MM","og_url":"https:\/\/fantasianorth.com\/sv\/produkt\/brass-rods-05mm\/","og_site_name":"FantasiaNorth","article_publisher":"https:\/\/www.facebook.com\/fantasianorth","article_modified_time":"2026-03-23T19:16:48+00:00","og_image":[{"width":250,"height":250,"url":"https:\/\/fantasianorth.com\/wp-content\/uploads\/2025\/02\/12177.jpg","type":"image\/jpeg"}],"twitter_card":"summary_large_image","twitter_misc":{"Ber\u00e4knad l\u00e4stid":"1 minut"},"schema":{"@context":"https:\/\/schema.org","@graph":[{"@type":"WebPage","@id":"https:\/\/fantasianorth.com\/sv\/produkt\/brass-rods-05mm\/","url":"https:\/\/fantasianorth.com\/sv\/produkt\/brass-rods-05mm\/","name":"BRASS RODS 0,5MM - FantasiaNorth","isPartOf":{"@id":"https:\/\/fantasianorth.com\/sv\/#website"},"primaryImageOfPage":{"@id":"https:\/\/fantasianorth.com\/sv\/produkt\/brass-rods-05mm\/#primaryimage"},"image":{"@id":"https:\/\/fantasianorth.com\/sv\/produkt\/brass-rods-05mm\/#primaryimage"},"thumbnailUrl":"https:\/\/fantasianorth.com\/wp-content\/uploads\/2025\/02\/12177.jpg","datePublished":"2019-05-07T12:14:16+00:00","dateModified":"2026-03-23T19:16:48+00:00","breadcrumb":{"@id":"https:\/\/fantasianorth.com\/sv\/produkt\/brass-rods-05mm\/#breadcrumb"},"inLanguage":"sv-SE","potentialAction":[{"@type":"ReadAction","target":["https:\/\/fantasianorth.com\/sv\/produkt\/brass-rods-05mm\/"]}]},{"@type":"ImageObject","inLanguage":"sv-SE","@id":"https:\/\/fantasianorth.com\/sv\/produkt\/brass-rods-05mm\/#primaryimage","url":"https:\/\/fantasianorth.com\/wp-content\/uploads\/2025\/02\/12177.jpg","contentUrl":"https:\/\/fantasianorth.com\/wp-content\/uploads\/2025\/02\/12177.jpg","width":250,"height":250},{"@type":"BreadcrumbList","@id":"https:\/\/fantasianorth.com\/sv\/produkt\/brass-rods-05mm\/#breadcrumb","itemListElement":[{"@type":"ListItem","position":1,"name":"Hem","item":"https:\/\/fantasianorth.com\/sv\/"},{"@type":"ListItem","position":2,"name":"Shop","item":"https:\/\/fantasianorth.com\/sv\/shop\/"},{"@type":"ListItem","position":3,"name":"BRASS RODS 0,5MM"}]},{"@type":"WebSite","@id":"https:\/\/fantasianorth.com\/sv\/#website","url":"https:\/\/fantasianorth.com\/sv\/","name":"Fantasia North","description":"","publisher":{"@id":"https:\/\/fantasianorth.com\/sv\/#organization"},"potentialAction":[{"@type":"SearchAction","target":{"@type":"EntryPoint","urlTemplate":"https:\/\/fantasianorth.com\/sv\/?s={search_term_string}"},"query-input":{"@type":"PropertyValueSpecification","valueRequired":true,"valueName":"search_term_string"}}],"inLanguage":"sv-SE"},{"@type":"Organization","@id":"https:\/\/fantasianorth.com\/sv\/#organization","name":"Fantasianorth AB","url":"https:\/\/fantasianorth.com\/sv\/","logo":{"@type":"ImageObject","inLanguage":"sv-SE","@id":"https:\/\/fantasianorth.com\/sv\/#\/schema\/logo\/image\/","url":"https:\/\/fantasianorth.com\/wp-content\/uploads\/2024\/08\/logo-1648563124.png","contentUrl":"https:\/\/fantasianorth.com\/wp-content\/uploads\/2024\/08\/logo-1648563124.png","width":200,"height":100,"caption":"Fantasianorth AB"},"image":{"@id":"https:\/\/fantasianorth.com\/sv\/#\/schema\/logo\/image\/"},"sameAs":["https:\/\/www.facebook.com\/fantasianorth","https:\/\/www.instagram.com\/fantasianorthsweden\/"]}]}},"kroconnect":{"tax_rate":25,"price_inc_vat":{"regular_price":50},"price_ex_vat":{"regular_price":40}},"brands":[{"id":139,"name":"Green Stuff World","slug":"green-stuff-world"}],"_links":{"self":[{"href":"https:\/\/fantasianorth.com\/sv\/wp-json\/wp\/v2\/product\/12472","targetHints":{"allow":["GET"]}}],"collection":[{"href":"https:\/\/fantasianorth.com\/sv\/wp-json\/wp\/v2\/product"}],"about":[{"href":"https:\/\/fantasianorth.com\/sv\/wp-json\/wp\/v2\/types\/product"}],"wp:featuredmedia":[{"embeddable":true,"href":"https:\/\/fantasianorth.com\/sv\/wp-json\/wp\/v2\/media\/12475"}],"wp:attachment":[{"href":"https:\/\/fantasianorth.com\/sv\/wp-json\/wp\/v2\/media?parent=12472"}],"wp:term":[{"taxonomy":"pwb-brand","embeddable":true,"href":"https:\/\/fantasianorth.com\/sv\/wp-json\/wp\/v2\/pwb-brand?post=12472"},{"taxonomy":"product_brand","embeddable":true,"href":"https:\/\/fantasianorth.com\/sv\/wp-json\/wp\/v2\/product_brand?post=12472"},{"taxonomy":"product_cat","embeddable":true,"href":"https:\/\/fantasianorth.com\/sv\/wp-json\/wp\/v2\/product_cat?post=12472"},{"taxonomy":"product_tag","embeddable":true,"href":"https:\/\/fantasianorth.com\/sv\/wp-json\/wp\/v2\/product_tag?post=12472"}],"curies":[{"name":"wp","href":"https:\/\/api.w.org\/{rel}","templated":true}]}}