{"id":11340,"date":"2018-11-02T18:33:27","date_gmt":"2018-11-02T18:33:27","guid":{"rendered":"https:\/\/gdwzn.beeweb-orange.io\/?product=blue-stuff-4-rods"},"modified":"2026-03-05T16:34:48","modified_gmt":"2026-03-05T15:34:48","slug":"blue-stuff-4-rods","status":"publish","type":"product","link":"https:\/\/fantasianorth.com\/sv\/produkt\/blue-stuff-4-rods\/","title":{"rendered":"BLUE STUFF 4 RODS"},"content":{"rendered":"<p>Blue Stuff sticks \u00e4r en ny generation av termoplastformningsmaterial som kan reduceras till formbara f\u00f6rh\u00e5llanden genom neds\u00e4nkning i varmt vatten under 3 minuter.<\/p>\n<\/p>\n<p>Det l\u00e5ter dig skapa en omedelbar form av vilken bit du vill genom att trycka plastmaterialet mot den bit du vill ha formen gjord av. Efter det, g\u00f6r kopior genom att anv\u00e4nda n\u00e5gon form av spackel, polyesterhartser eller till och med epoxihartser. Inget kommer att fastna. \u00c5TERANV\u00c4NDbar plastlist f\u00f6r alla niv\u00e5er.<\/p>\n<\/p>\n<p>Ny f\u00f6rb\u00e4ttrad formulering som g\u00f6r att du f\u00e5r b\u00e4ttre detaljer eftersom plasten f\u00f6rblir l\u00e4ngre i mjukt tillst\u00e5nd.<\/p>\n<\/p>\n<p>Detta set inneh\u00e5ller 4 stickor och det kommer att h\u00e5lla f\u00f6r alltid.<\/p>\n<\/p>\n<p>M\u00e5tt p\u00e5 varje st\u00e5ng: 5,8&#215;1,5&#215;0,7cm<\/p>\n<p>Vikt av varje st\u00e5ng: 6 gr<\/p>\n","protected":false},"excerpt":{"rendered":"<p>BLUE STUFF 4 RODS<\/p>\n","protected":false},"featured_media":11343,"template":"","meta":[],"pwb-brand":[139],"product_brand":[],"product_cat":[286],"product_tag":[],"class_list":{"0":"post-11340","1":"product","2":"type-product","3":"status-publish","4":"has-post-thumbnail","6":"pwb-brand-green-stuff-world","7":"product_cat-hobbygrejer","9":"first","10":"instock","11":"taxable","12":"shipping-taxable","13":"purchasable","14":"product-type-simple"},"bundled_by":[],"bundle_stock_status":"instock","bundle_stock_quantity":2,"bundle_virtual":false,"bundle_layout":"","bundle_add_to_cart_form_location":"","bundle_editable_in_cart":false,"bundle_sold_individually_context":"","bundle_item_grouping":"","bundle_min_size":"","bundle_max_size":"","bundle_price":[],"bundled_items":[],"bundle_sell_ids":[],"yoast_head":"<!-- This site is optimized with the Yoast SEO plugin v27.2 - https:\/\/yoast.com\/product\/yoast-seo-wordpress\/ -->\n<title>BLUE STUFF 4 RODS - FantasiaNorth<\/title>\n<meta name=\"robots\" content=\"index, follow, max-snippet:-1, max-image-preview:large, max-video-preview:-1\" \/>\n<link rel=\"canonical\" href=\"https:\/\/fantasianorth.com\/sv\/produkt\/blue-stuff-4-rods\/\" \/>\n<meta property=\"og:locale\" content=\"sv_SE\" \/>\n<meta property=\"og:type\" content=\"article\" \/>\n<meta property=\"og:title\" content=\"BLUE STUFF 4 RODS - FantasiaNorth\" \/>\n<meta property=\"og:description\" content=\"BLUE STUFF 4 RODS\" \/>\n<meta property=\"og:url\" content=\"https:\/\/fantasianorth.com\/sv\/produkt\/blue-stuff-4-rods\/\" \/>\n<meta property=\"og:site_name\" content=\"FantasiaNorth\" \/>\n<meta property=\"article:publisher\" content=\"https:\/\/www.facebook.com\/fantasianorth\" \/>\n<meta property=\"article:modified_time\" content=\"2026-03-05T15:34:48+00:00\" \/>\n<meta property=\"og:image\" content=\"https:\/\/fantasianorth.com\/wp-content\/uploads\/2025\/02\/13833.jpg\" \/>\n\t<meta property=\"og:image:width\" content=\"722\" \/>\n\t<meta property=\"og:image:height\" content=\"600\" \/>\n\t<meta property=\"og:image:type\" content=\"image\/jpeg\" \/>\n<meta name=\"twitter:card\" content=\"summary_large_image\" \/>\n<meta name=\"twitter:label1\" content=\"Ber\u00e4knad l\u00e4stid\" \/>\n\t<meta name=\"twitter:data1\" content=\"1 minut\" \/>\n<script type=\"application\/ld+json\" class=\"yoast-schema-graph\">{\"@context\":\"https:\/\/schema.org\",\"@graph\":[{\"@type\":\"WebPage\",\"@id\":\"https:\/\/fantasianorth.com\/sv\/produkt\/blue-stuff-4-rods\/\",\"url\":\"https:\/\/fantasianorth.com\/sv\/produkt\/blue-stuff-4-rods\/\",\"name\":\"BLUE STUFF 4 RODS - FantasiaNorth\",\"isPartOf\":{\"@id\":\"https:\/\/fantasianorth.com\/sv\/#website\"},\"primaryImageOfPage\":{\"@id\":\"https:\/\/fantasianorth.com\/sv\/produkt\/blue-stuff-4-rods\/#primaryimage\"},\"image\":{\"@id\":\"https:\/\/fantasianorth.com\/sv\/produkt\/blue-stuff-4-rods\/#primaryimage\"},\"thumbnailUrl\":\"https:\/\/fantasianorth.com\/wp-content\/uploads\/2025\/02\/13833.jpg\",\"datePublished\":\"2018-11-02T18:33:27+00:00\",\"dateModified\":\"2026-03-05T15:34:48+00:00\",\"breadcrumb\":{\"@id\":\"https:\/\/fantasianorth.com\/sv\/produkt\/blue-stuff-4-rods\/#breadcrumb\"},\"inLanguage\":\"sv-SE\",\"potentialAction\":[{\"@type\":\"ReadAction\",\"target\":[\"https:\/\/fantasianorth.com\/sv\/produkt\/blue-stuff-4-rods\/\"]}]},{\"@type\":\"ImageObject\",\"inLanguage\":\"sv-SE\",\"@id\":\"https:\/\/fantasianorth.com\/sv\/produkt\/blue-stuff-4-rods\/#primaryimage\",\"url\":\"https:\/\/fantasianorth.com\/wp-content\/uploads\/2025\/02\/13833.jpg\",\"contentUrl\":\"https:\/\/fantasianorth.com\/wp-content\/uploads\/2025\/02\/13833.jpg\",\"width\":722,\"height\":600},{\"@type\":\"BreadcrumbList\",\"@id\":\"https:\/\/fantasianorth.com\/sv\/produkt\/blue-stuff-4-rods\/#breadcrumb\",\"itemListElement\":[{\"@type\":\"ListItem\",\"position\":1,\"name\":\"Hem\",\"item\":\"https:\/\/fantasianorth.com\/sv\/\"},{\"@type\":\"ListItem\",\"position\":2,\"name\":\"Shop\",\"item\":\"https:\/\/fantasianorth.com\/sv\/shop\/\"},{\"@type\":\"ListItem\",\"position\":3,\"name\":\"BLUE STUFF 4 RODS\"}]},{\"@type\":\"WebSite\",\"@id\":\"https:\/\/fantasianorth.com\/sv\/#website\",\"url\":\"https:\/\/fantasianorth.com\/sv\/\",\"name\":\"Fantasia North\",\"description\":\"\",\"publisher\":{\"@id\":\"https:\/\/fantasianorth.com\/sv\/#organization\"},\"potentialAction\":[{\"@type\":\"SearchAction\",\"target\":{\"@type\":\"EntryPoint\",\"urlTemplate\":\"https:\/\/fantasianorth.com\/sv\/?s={search_term_string}\"},\"query-input\":{\"@type\":\"PropertyValueSpecification\",\"valueRequired\":true,\"valueName\":\"search_term_string\"}}],\"inLanguage\":\"sv-SE\"},{\"@type\":\"Organization\",\"@id\":\"https:\/\/fantasianorth.com\/sv\/#organization\",\"name\":\"Fantasianorth AB\",\"url\":\"https:\/\/fantasianorth.com\/sv\/\",\"logo\":{\"@type\":\"ImageObject\",\"inLanguage\":\"sv-SE\",\"@id\":\"https:\/\/fantasianorth.com\/sv\/#\/schema\/logo\/image\/\",\"url\":\"https:\/\/fantasianorth.com\/wp-content\/uploads\/2024\/08\/logo-1648563124.png\",\"contentUrl\":\"https:\/\/fantasianorth.com\/wp-content\/uploads\/2024\/08\/logo-1648563124.png\",\"width\":200,\"height\":100,\"caption\":\"Fantasianorth AB\"},\"image\":{\"@id\":\"https:\/\/fantasianorth.com\/sv\/#\/schema\/logo\/image\/\"},\"sameAs\":[\"https:\/\/www.facebook.com\/fantasianorth\",\"https:\/\/www.instagram.com\/fantasianorthsweden\/\"]}]}<\/script>\n<!-- \/ Yoast SEO plugin. -->","yoast_head_json":{"title":"BLUE STUFF 4 RODS - FantasiaNorth","robots":{"index":"index","follow":"follow","max-snippet":"max-snippet:-1","max-image-preview":"max-image-preview:large","max-video-preview":"max-video-preview:-1"},"canonical":"https:\/\/fantasianorth.com\/sv\/produkt\/blue-stuff-4-rods\/","og_locale":"sv_SE","og_type":"article","og_title":"BLUE STUFF 4 RODS - FantasiaNorth","og_description":"BLUE STUFF 4 RODS","og_url":"https:\/\/fantasianorth.com\/sv\/produkt\/blue-stuff-4-rods\/","og_site_name":"FantasiaNorth","article_publisher":"https:\/\/www.facebook.com\/fantasianorth","article_modified_time":"2026-03-05T15:34:48+00:00","og_image":[{"width":722,"height":600,"url":"https:\/\/fantasianorth.com\/wp-content\/uploads\/2025\/02\/13833.jpg","type":"image\/jpeg"}],"twitter_card":"summary_large_image","twitter_misc":{"Ber\u00e4knad l\u00e4stid":"1 minut"},"schema":{"@context":"https:\/\/schema.org","@graph":[{"@type":"WebPage","@id":"https:\/\/fantasianorth.com\/sv\/produkt\/blue-stuff-4-rods\/","url":"https:\/\/fantasianorth.com\/sv\/produkt\/blue-stuff-4-rods\/","name":"BLUE STUFF 4 RODS - FantasiaNorth","isPartOf":{"@id":"https:\/\/fantasianorth.com\/sv\/#website"},"primaryImageOfPage":{"@id":"https:\/\/fantasianorth.com\/sv\/produkt\/blue-stuff-4-rods\/#primaryimage"},"image":{"@id":"https:\/\/fantasianorth.com\/sv\/produkt\/blue-stuff-4-rods\/#primaryimage"},"thumbnailUrl":"https:\/\/fantasianorth.com\/wp-content\/uploads\/2025\/02\/13833.jpg","datePublished":"2018-11-02T18:33:27+00:00","dateModified":"2026-03-05T15:34:48+00:00","breadcrumb":{"@id":"https:\/\/fantasianorth.com\/sv\/produkt\/blue-stuff-4-rods\/#breadcrumb"},"inLanguage":"sv-SE","potentialAction":[{"@type":"ReadAction","target":["https:\/\/fantasianorth.com\/sv\/produkt\/blue-stuff-4-rods\/"]}]},{"@type":"ImageObject","inLanguage":"sv-SE","@id":"https:\/\/fantasianorth.com\/sv\/produkt\/blue-stuff-4-rods\/#primaryimage","url":"https:\/\/fantasianorth.com\/wp-content\/uploads\/2025\/02\/13833.jpg","contentUrl":"https:\/\/fantasianorth.com\/wp-content\/uploads\/2025\/02\/13833.jpg","width":722,"height":600},{"@type":"BreadcrumbList","@id":"https:\/\/fantasianorth.com\/sv\/produkt\/blue-stuff-4-rods\/#breadcrumb","itemListElement":[{"@type":"ListItem","position":1,"name":"Hem","item":"https:\/\/fantasianorth.com\/sv\/"},{"@type":"ListItem","position":2,"name":"Shop","item":"https:\/\/fantasianorth.com\/sv\/shop\/"},{"@type":"ListItem","position":3,"name":"BLUE STUFF 4 RODS"}]},{"@type":"WebSite","@id":"https:\/\/fantasianorth.com\/sv\/#website","url":"https:\/\/fantasianorth.com\/sv\/","name":"Fantasia North","description":"","publisher":{"@id":"https:\/\/fantasianorth.com\/sv\/#organization"},"potentialAction":[{"@type":"SearchAction","target":{"@type":"EntryPoint","urlTemplate":"https:\/\/fantasianorth.com\/sv\/?s={search_term_string}"},"query-input":{"@type":"PropertyValueSpecification","valueRequired":true,"valueName":"search_term_string"}}],"inLanguage":"sv-SE"},{"@type":"Organization","@id":"https:\/\/fantasianorth.com\/sv\/#organization","name":"Fantasianorth AB","url":"https:\/\/fantasianorth.com\/sv\/","logo":{"@type":"ImageObject","inLanguage":"sv-SE","@id":"https:\/\/fantasianorth.com\/sv\/#\/schema\/logo\/image\/","url":"https:\/\/fantasianorth.com\/wp-content\/uploads\/2024\/08\/logo-1648563124.png","contentUrl":"https:\/\/fantasianorth.com\/wp-content\/uploads\/2024\/08\/logo-1648563124.png","width":200,"height":100,"caption":"Fantasianorth AB"},"image":{"@id":"https:\/\/fantasianorth.com\/sv\/#\/schema\/logo\/image\/"},"sameAs":["https:\/\/www.facebook.com\/fantasianorth","https:\/\/www.instagram.com\/fantasianorthsweden\/"]}]}},"kroconnect":{"tax_rate":25,"price_inc_vat":{"regular_price":99},"price_ex_vat":{"regular_price":79.2}},"brands":[{"id":139,"name":"Green Stuff World","slug":"green-stuff-world"}],"_links":{"self":[{"href":"https:\/\/fantasianorth.com\/sv\/wp-json\/wp\/v2\/product\/11340","targetHints":{"allow":["GET"]}}],"collection":[{"href":"https:\/\/fantasianorth.com\/sv\/wp-json\/wp\/v2\/product"}],"about":[{"href":"https:\/\/fantasianorth.com\/sv\/wp-json\/wp\/v2\/types\/product"}],"wp:featuredmedia":[{"embeddable":true,"href":"https:\/\/fantasianorth.com\/sv\/wp-json\/wp\/v2\/media\/11343"}],"wp:attachment":[{"href":"https:\/\/fantasianorth.com\/sv\/wp-json\/wp\/v2\/media?parent=11340"}],"wp:term":[{"taxonomy":"pwb-brand","embeddable":true,"href":"https:\/\/fantasianorth.com\/sv\/wp-json\/wp\/v2\/pwb-brand?post=11340"},{"taxonomy":"product_brand","embeddable":true,"href":"https:\/\/fantasianorth.com\/sv\/wp-json\/wp\/v2\/product_brand?post=11340"},{"taxonomy":"product_cat","embeddable":true,"href":"https:\/\/fantasianorth.com\/sv\/wp-json\/wp\/v2\/product_cat?post=11340"},{"taxonomy":"product_tag","embeddable":true,"href":"https:\/\/fantasianorth.com\/sv\/wp-json\/wp\/v2\/product_tag?post=11340"}],"curies":[{"name":"wp","href":"https:\/\/api.w.org\/{rel}","templated":true}]}}