{"id":105460,"date":"2026-03-30T14:22:56","date_gmt":"2026-03-30T13:22:56","guid":{"rendered":"https:\/\/fantasianorth.com\/?post_type=product&#038;p=105460"},"modified":"2026-03-30T14:23:56","modified_gmt":"2026-03-30T13:23:56","slug":"silicone-molds-sandbags","status":"publish","type":"product","link":"https:\/\/fantasianorth.com\/sv\/produkt\/silicone-molds-sandbags\/","title":{"rendered":"Silicone Molds &#8211; Sandbags"},"content":{"rendered":"<p data-start=\"448\" data-end=\"700\">Skapa realistiska f\u00f6rsvarspositioner med denna <strong data-start=\"495\" data-end=\"520\">sandbag silicone mold<\/strong> fr\u00e5n <strong data-start=\"526\" data-end=\"547\">Green Stuff World<\/strong>.<br data-start=\"548\" data-end=\"551\" \/>Formen l\u00e5ter dig enkelt producera detaljerade sands\u00e4ckar i skala <strong data-start=\"616\" data-end=\"629\">1:48\u20131:35<\/strong>, vilket g\u00f6r den perfekt f\u00f6r dioramor, terr\u00e4ngbygge och miniatyrspel.<\/p>\n<p data-start=\"702\" data-end=\"953\">Tack vare den h\u00f6ga detaljniv\u00e5n kan du snabbt bygga upp <strong data-start=\"757\" data-end=\"823\">skyttegravar, barrikader och improviserade f\u00f6rsvarsst\u00e4llningar<\/strong>.<br data-start=\"824\" data-end=\"827\" \/>Dessutom passar proportionerna perfekt f\u00f6r b\u00e5de historiska och m\u00f6rka fantasy-milj\u00f6er, vilket g\u00f6r produkten mycket m\u00e5ngsidig.<\/p>\n<hr data-start=\"955\" data-end=\"958\" \/>\n<h3 data-section-id=\"7c62ec\" data-start=\"960\" data-end=\"1015\"><span role=\"text\"><strong data-start=\"964\" data-end=\"1015\">Perfekt f\u00f6r Trench Crusade och grimdark milj\u00f6er<\/strong><\/span><\/h3>\n<p data-start=\"1017\" data-end=\"1306\">Formen fungerar utm\u00e4rkt f\u00f6r att \u00e5terskapa milj\u00f6er inspirerade av <strong data-start=\"1082\" data-end=\"1100\">Trench Crusade<\/strong>.<br data-start=\"1101\" data-end=\"1104\" \/>H\u00e4r kan du bygga djupa skyttegravar, f\u00f6rst\u00e4rkta positioner och krigsh\u00e4rjade landskap.<br data-start=\"1189\" data-end=\"1192\" \/>Samtidigt ger sands\u00e4ckarna en autentisk k\u00e4nsla till maskinkulsn\u00e4sten, skyddsvallar och taktiska f\u00f6rsvarspunkter.<\/p>\n<hr data-start=\"1308\" data-end=\"1311\" \/>\n<h3 data-section-id=\"jd7oab\" data-start=\"1313\" data-end=\"1357\"><span role=\"text\"><strong data-start=\"1317\" data-end=\"1357\">Kompatibel med flera spel och system<\/strong><\/span><\/h3>\n<p data-start=\"1359\" data-end=\"1426\">Dessutom fungerar denna silikonform lika bra i andra spelmilj\u00f6er:<\/p>\n<ul data-start=\"1428\" data-end=\"1699\">\n<li data-section-id=\"1h7sfxp\" data-start=\"1428\" data-end=\"1523\">I <em data-start=\"1432\" data-end=\"1450\">Warhammer 40,000<\/em> kan du skapa <strong data-start=\"1464\" data-end=\"1521\">Astra Militarum-f\u00f6rsvar, skyttev\u00e4rn och eldpositioner<\/strong><\/li>\n<li data-section-id=\"9v5wyi\" data-start=\"1524\" data-end=\"1606\">I <em data-start=\"1528\" data-end=\"1547\">Star Wars: Legion<\/em> kan du bygga <strong data-start=\"1561\" data-end=\"1604\">rebellbaser, barrikader och stridszoner<\/strong><\/li>\n<li data-section-id=\"1qnwv6h\" data-start=\"1607\" data-end=\"1699\">F\u00f6r dioramor kan du \u00e5terskapa allt fr\u00e5n historiska slagf\u00e4lt till futuristiska krigszoner<\/li>\n<\/ul>\n<p data-start=\"1701\" data-end=\"1804\">D\u00e4rf\u00f6r \u00e4r detta ett perfekt verktyg f\u00f6r hobbyister som vill bygga realistisk och funktionell terr\u00e4ng.<\/p>\n<hr data-start=\"1806\" data-end=\"1809\" \/>\n<h3 data-section-id=\"174tte9\" data-start=\"1811\" data-end=\"1829\"><span role=\"text\"><strong data-start=\"1815\" data-end=\"1829\">Egenskaper<\/strong><\/span><\/h3>\n<ul data-start=\"1830\" data-end=\"2054\">\n<li data-section-id=\"6cuf5p\" data-start=\"1830\" data-end=\"1871\">Detaljerad silikonform f\u00f6r sands\u00e4ckar<\/li>\n<li data-section-id=\"15pumlb\" data-start=\"1872\" data-end=\"1892\">Skala: 1:48\u20131:35<\/li>\n<li data-section-id=\"1ty5563\" data-start=\"1893\" data-end=\"1940\">Perfekt f\u00f6r terr\u00e4ng, dioramor och wargaming<\/li>\n<li data-section-id=\"1hr69y3\" data-start=\"1941\" data-end=\"1982\">Kompatibel med flera spel och milj\u00f6er<\/li>\n<li data-section-id=\"9zh27n\" data-start=\"1983\" data-end=\"2054\">Enkel att anv\u00e4nda med olika material (t.ex. resin, gips eller lera)<\/li>\n<\/ul>\n","protected":false},"excerpt":{"rendered":"<p data-start=\"2520\" data-end=\"2688\">Skapa realistiska sands\u00e4ckar med denna <strong data-start=\"2559\" data-end=\"2599\">silicone mold fr\u00e5n Green Stuff World<\/strong>.<br data-start=\"2600\" data-end=\"2603\" \/>Perfekt f\u00f6r terr\u00e4ngbygge, dioramor och spel som Warhammer 40K och Star Wars Legion.<\/p>\n","protected":false},"featured_media":105465,"template":"","meta":[],"pwb-brand":[139],"product_brand":[],"product_cat":[794,286,826,874],"product_tag":[],"class_list":{"0":"post-105460","1":"product","2":"type-product","3":"status-publish","4":"has-post-thumbnail","6":"pwb-brand-green-stuff-world","7":"product_cat-gsw","8":"product_cat-hobbygrejer","9":"product_cat-modellering","10":"product_cat-gjutformar","12":"first","13":"instock","14":"taxable","15":"shipping-taxable","16":"purchasable","17":"product-type-simple"},"bundled_by":[],"bundle_stock_status":"instock","bundle_stock_quantity":2,"bundle_virtual":false,"bundle_layout":"","bundle_add_to_cart_form_location":"","bundle_editable_in_cart":false,"bundle_sold_individually_context":"","bundle_item_grouping":"","bundle_min_size":"","bundle_max_size":"","bundle_price":[],"bundled_items":[],"bundle_sell_ids":[],"yoast_head":"<!-- This site is optimized with the Yoast SEO plugin v27.2 - https:\/\/yoast.com\/product\/yoast-seo-wordpress\/ -->\n<title>Silicone Molds - Sandbags - FantasiaNorth<\/title>\n<meta name=\"robots\" content=\"index, follow, max-snippet:-1, max-image-preview:large, max-video-preview:-1\" \/>\n<link rel=\"canonical\" href=\"https:\/\/fantasianorth.com\/sv\/produkt\/silicone-molds-sandbags\/\" \/>\n<meta property=\"og:locale\" content=\"sv_SE\" \/>\n<meta property=\"og:type\" content=\"article\" \/>\n<meta property=\"og:title\" content=\"Silicone Molds - Sandbags - FantasiaNorth\" \/>\n<meta property=\"og:description\" content=\"Skapa realistiska sands\u00e4ckar med denna silicone mold fr\u00e5n Green Stuff World.Perfekt f\u00f6r terr\u00e4ngbygge, dioramor och spel som Warhammer 40K och Star Wars Legion.\" \/>\n<meta property=\"og:url\" content=\"https:\/\/fantasianorth.com\/sv\/produkt\/silicone-molds-sandbags\/\" \/>\n<meta property=\"og:site_name\" content=\"FantasiaNorth\" \/>\n<meta property=\"article:publisher\" content=\"https:\/\/www.facebook.com\/fantasianorth\" \/>\n<meta property=\"article:modified_time\" content=\"2026-03-30T13:23:56+00:00\" \/>\n<meta property=\"og:image\" content=\"https:\/\/fantasianorth.com\/wp-content\/uploads\/2026\/03\/silicone-molds-sandbags.jpg\" \/>\n\t<meta property=\"og:image:width\" content=\"1500\" \/>\n\t<meta property=\"og:image:height\" content=\"1500\" \/>\n\t<meta property=\"og:image:type\" content=\"image\/jpeg\" \/>\n<meta name=\"twitter:card\" content=\"summary_large_image\" \/>\n<meta name=\"twitter:label1\" content=\"Ber\u00e4knad l\u00e4stid\" \/>\n\t<meta name=\"twitter:data1\" content=\"2 minuter\" \/>\n<script type=\"application\/ld+json\" class=\"yoast-schema-graph\">{\"@context\":\"https:\/\/schema.org\",\"@graph\":[{\"@type\":\"WebPage\",\"@id\":\"https:\/\/fantasianorth.com\/sv\/produkt\/silicone-molds-sandbags\/\",\"url\":\"https:\/\/fantasianorth.com\/sv\/produkt\/silicone-molds-sandbags\/\",\"name\":\"Silicone Molds - Sandbags - FantasiaNorth\",\"isPartOf\":{\"@id\":\"https:\/\/fantasianorth.com\/sv\/#website\"},\"primaryImageOfPage\":{\"@id\":\"https:\/\/fantasianorth.com\/sv\/produkt\/silicone-molds-sandbags\/#primaryimage\"},\"image\":{\"@id\":\"https:\/\/fantasianorth.com\/sv\/produkt\/silicone-molds-sandbags\/#primaryimage\"},\"thumbnailUrl\":\"https:\/\/fantasianorth.com\/wp-content\/uploads\/2026\/03\/silicone-molds-sandbags.jpg\",\"datePublished\":\"2026-03-30T13:22:56+00:00\",\"dateModified\":\"2026-03-30T13:23:56+00:00\",\"breadcrumb\":{\"@id\":\"https:\/\/fantasianorth.com\/sv\/produkt\/silicone-molds-sandbags\/#breadcrumb\"},\"inLanguage\":\"sv-SE\",\"potentialAction\":[{\"@type\":\"ReadAction\",\"target\":[\"https:\/\/fantasianorth.com\/sv\/produkt\/silicone-molds-sandbags\/\"]}]},{\"@type\":\"ImageObject\",\"inLanguage\":\"sv-SE\",\"@id\":\"https:\/\/fantasianorth.com\/sv\/produkt\/silicone-molds-sandbags\/#primaryimage\",\"url\":\"https:\/\/fantasianorth.com\/wp-content\/uploads\/2026\/03\/silicone-molds-sandbags.jpg\",\"contentUrl\":\"https:\/\/fantasianorth.com\/wp-content\/uploads\/2026\/03\/silicone-molds-sandbags.jpg\",\"width\":1500,\"height\":1500},{\"@type\":\"BreadcrumbList\",\"@id\":\"https:\/\/fantasianorth.com\/sv\/produkt\/silicone-molds-sandbags\/#breadcrumb\",\"itemListElement\":[{\"@type\":\"ListItem\",\"position\":1,\"name\":\"Hem\",\"item\":\"https:\/\/fantasianorth.com\/sv\/\"},{\"@type\":\"ListItem\",\"position\":2,\"name\":\"Shop\",\"item\":\"https:\/\/fantasianorth.com\/sv\/shop\/\"},{\"@type\":\"ListItem\",\"position\":3,\"name\":\"Silicone Molds &#8211; Sandbags\"}]},{\"@type\":\"WebSite\",\"@id\":\"https:\/\/fantasianorth.com\/sv\/#website\",\"url\":\"https:\/\/fantasianorth.com\/sv\/\",\"name\":\"Fantasia North\",\"description\":\"\",\"publisher\":{\"@id\":\"https:\/\/fantasianorth.com\/sv\/#organization\"},\"potentialAction\":[{\"@type\":\"SearchAction\",\"target\":{\"@type\":\"EntryPoint\",\"urlTemplate\":\"https:\/\/fantasianorth.com\/sv\/?s={search_term_string}\"},\"query-input\":{\"@type\":\"PropertyValueSpecification\",\"valueRequired\":true,\"valueName\":\"search_term_string\"}}],\"inLanguage\":\"sv-SE\"},{\"@type\":\"Organization\",\"@id\":\"https:\/\/fantasianorth.com\/sv\/#organization\",\"name\":\"Fantasianorth AB\",\"url\":\"https:\/\/fantasianorth.com\/sv\/\",\"logo\":{\"@type\":\"ImageObject\",\"inLanguage\":\"sv-SE\",\"@id\":\"https:\/\/fantasianorth.com\/sv\/#\/schema\/logo\/image\/\",\"url\":\"https:\/\/fantasianorth.com\/wp-content\/uploads\/2024\/08\/logo-1648563124.png\",\"contentUrl\":\"https:\/\/fantasianorth.com\/wp-content\/uploads\/2024\/08\/logo-1648563124.png\",\"width\":200,\"height\":100,\"caption\":\"Fantasianorth AB\"},\"image\":{\"@id\":\"https:\/\/fantasianorth.com\/sv\/#\/schema\/logo\/image\/\"},\"sameAs\":[\"https:\/\/www.facebook.com\/fantasianorth\",\"https:\/\/www.instagram.com\/fantasianorthsweden\/\"]}]}<\/script>\n<!-- \/ Yoast SEO plugin. -->","yoast_head_json":{"title":"Silicone Molds - Sandbags - FantasiaNorth","robots":{"index":"index","follow":"follow","max-snippet":"max-snippet:-1","max-image-preview":"max-image-preview:large","max-video-preview":"max-video-preview:-1"},"canonical":"https:\/\/fantasianorth.com\/sv\/produkt\/silicone-molds-sandbags\/","og_locale":"sv_SE","og_type":"article","og_title":"Silicone Molds - Sandbags - FantasiaNorth","og_description":"Skapa realistiska sands\u00e4ckar med denna silicone mold fr\u00e5n Green Stuff World.Perfekt f\u00f6r terr\u00e4ngbygge, dioramor och spel som Warhammer 40K och Star Wars Legion.","og_url":"https:\/\/fantasianorth.com\/sv\/produkt\/silicone-molds-sandbags\/","og_site_name":"FantasiaNorth","article_publisher":"https:\/\/www.facebook.com\/fantasianorth","article_modified_time":"2026-03-30T13:23:56+00:00","og_image":[{"width":1500,"height":1500,"url":"https:\/\/fantasianorth.com\/wp-content\/uploads\/2026\/03\/silicone-molds-sandbags.jpg","type":"image\/jpeg"}],"twitter_card":"summary_large_image","twitter_misc":{"Ber\u00e4knad l\u00e4stid":"2 minuter"},"schema":{"@context":"https:\/\/schema.org","@graph":[{"@type":"WebPage","@id":"https:\/\/fantasianorth.com\/sv\/produkt\/silicone-molds-sandbags\/","url":"https:\/\/fantasianorth.com\/sv\/produkt\/silicone-molds-sandbags\/","name":"Silicone Molds - Sandbags - FantasiaNorth","isPartOf":{"@id":"https:\/\/fantasianorth.com\/sv\/#website"},"primaryImageOfPage":{"@id":"https:\/\/fantasianorth.com\/sv\/produkt\/silicone-molds-sandbags\/#primaryimage"},"image":{"@id":"https:\/\/fantasianorth.com\/sv\/produkt\/silicone-molds-sandbags\/#primaryimage"},"thumbnailUrl":"https:\/\/fantasianorth.com\/wp-content\/uploads\/2026\/03\/silicone-molds-sandbags.jpg","datePublished":"2026-03-30T13:22:56+00:00","dateModified":"2026-03-30T13:23:56+00:00","breadcrumb":{"@id":"https:\/\/fantasianorth.com\/sv\/produkt\/silicone-molds-sandbags\/#breadcrumb"},"inLanguage":"sv-SE","potentialAction":[{"@type":"ReadAction","target":["https:\/\/fantasianorth.com\/sv\/produkt\/silicone-molds-sandbags\/"]}]},{"@type":"ImageObject","inLanguage":"sv-SE","@id":"https:\/\/fantasianorth.com\/sv\/produkt\/silicone-molds-sandbags\/#primaryimage","url":"https:\/\/fantasianorth.com\/wp-content\/uploads\/2026\/03\/silicone-molds-sandbags.jpg","contentUrl":"https:\/\/fantasianorth.com\/wp-content\/uploads\/2026\/03\/silicone-molds-sandbags.jpg","width":1500,"height":1500},{"@type":"BreadcrumbList","@id":"https:\/\/fantasianorth.com\/sv\/produkt\/silicone-molds-sandbags\/#breadcrumb","itemListElement":[{"@type":"ListItem","position":1,"name":"Hem","item":"https:\/\/fantasianorth.com\/sv\/"},{"@type":"ListItem","position":2,"name":"Shop","item":"https:\/\/fantasianorth.com\/sv\/shop\/"},{"@type":"ListItem","position":3,"name":"Silicone Molds &#8211; Sandbags"}]},{"@type":"WebSite","@id":"https:\/\/fantasianorth.com\/sv\/#website","url":"https:\/\/fantasianorth.com\/sv\/","name":"Fantasia North","description":"","publisher":{"@id":"https:\/\/fantasianorth.com\/sv\/#organization"},"potentialAction":[{"@type":"SearchAction","target":{"@type":"EntryPoint","urlTemplate":"https:\/\/fantasianorth.com\/sv\/?s={search_term_string}"},"query-input":{"@type":"PropertyValueSpecification","valueRequired":true,"valueName":"search_term_string"}}],"inLanguage":"sv-SE"},{"@type":"Organization","@id":"https:\/\/fantasianorth.com\/sv\/#organization","name":"Fantasianorth AB","url":"https:\/\/fantasianorth.com\/sv\/","logo":{"@type":"ImageObject","inLanguage":"sv-SE","@id":"https:\/\/fantasianorth.com\/sv\/#\/schema\/logo\/image\/","url":"https:\/\/fantasianorth.com\/wp-content\/uploads\/2024\/08\/logo-1648563124.png","contentUrl":"https:\/\/fantasianorth.com\/wp-content\/uploads\/2024\/08\/logo-1648563124.png","width":200,"height":100,"caption":"Fantasianorth AB"},"image":{"@id":"https:\/\/fantasianorth.com\/sv\/#\/schema\/logo\/image\/"},"sameAs":["https:\/\/www.facebook.com\/fantasianorth","https:\/\/www.instagram.com\/fantasianorthsweden\/"]}]}},"kroconnect":{"tax_rate":25,"price_inc_vat":{"regular_price":160},"price_ex_vat":{"regular_price":128}},"brands":[{"id":139,"name":"Green Stuff World","slug":"green-stuff-world"}],"_links":{"self":[{"href":"https:\/\/fantasianorth.com\/sv\/wp-json\/wp\/v2\/product\/105460","targetHints":{"allow":["GET"]}}],"collection":[{"href":"https:\/\/fantasianorth.com\/sv\/wp-json\/wp\/v2\/product"}],"about":[{"href":"https:\/\/fantasianorth.com\/sv\/wp-json\/wp\/v2\/types\/product"}],"wp:featuredmedia":[{"embeddable":true,"href":"https:\/\/fantasianorth.com\/sv\/wp-json\/wp\/v2\/media\/105465"}],"wp:attachment":[{"href":"https:\/\/fantasianorth.com\/sv\/wp-json\/wp\/v2\/media?parent=105460"}],"wp:term":[{"taxonomy":"pwb-brand","embeddable":true,"href":"https:\/\/fantasianorth.com\/sv\/wp-json\/wp\/v2\/pwb-brand?post=105460"},{"taxonomy":"product_brand","embeddable":true,"href":"https:\/\/fantasianorth.com\/sv\/wp-json\/wp\/v2\/product_brand?post=105460"},{"taxonomy":"product_cat","embeddable":true,"href":"https:\/\/fantasianorth.com\/sv\/wp-json\/wp\/v2\/product_cat?post=105460"},{"taxonomy":"product_tag","embeddable":true,"href":"https:\/\/fantasianorth.com\/sv\/wp-json\/wp\/v2\/product_tag?post=105460"}],"curies":[{"name":"wp","href":"https:\/\/api.w.org\/{rel}","templated":true}]}}